{"id":157,"date":"2022-01-15T12:42:01","date_gmt":"2022-01-15T12:42:01","guid":{"rendered":"https:\/\/intangible.dk\/?page_id=157"},"modified":"2024-08-03T10:17:46","modified_gmt":"2024-08-03T10:17:46","slug":"handelsbetingelser","status":"publish","type":"page","link":"https:\/\/intangible.dk\/en\/handelsbetingelser\/","title":{"rendered":"Handelsbetingelser"},"content":{"rendered":"<h2 class=\"wp-block-heading\">Generelle oplysninger<\/h2>\n\n\n\n<p>Intangible Consult ApS<br>CVR: 42309508<\/p>\n\n\n\n<h2 class=\"wp-block-heading\">Priser<\/h2>\n\n\n\n<p>Hos&nbsp;Intangible Consult ApS&nbsp;er alle priserne i danske kroner og angivet <strong>eksklusiv<\/strong> moms og afgifter. Vi forbeholder os ret til fra dag til dag at \u00e6ndre i priserne uden forudg\u00e5ende samtykke. Der tages forbehold for udsolgte varer.<\/p>\n\n\n\n<h2 class=\"wp-block-heading\">Betaling<\/h2>\n\n\n\n<p>Intangible Consult ApS&nbsp;modtager betaling med&nbsp;VISA-Dankort, VISA, VISA Electron, Mastercard, PayPal, MobilePay, Bankoverf\u00f8rsel. Alle bel\u00f8b er i DKK. Danske kroner og incl. moms. Der tages forbehold for prisfejl og udsolgte\/udg\u00e5ede varer.<\/p>\n\n\n\n<p>Betalingsfristen er p\u00e5 7 dage med mindre andet er aftalt p\u00e5 skrift. Ved for sen betaling tilskrives der renter p\u00e5 0,70% per p\u00e5begyndt m\u00e5ned, derudover kommer der et gebyr p\u00e5 100,00 DKK.<\/p>\n\n\n\n<h2 class=\"wp-block-heading\">Reklamationsret<\/h2>\n\n\n\n<p>Der er ingen reklamationsret, da der er tale om digitale ydelser.<\/p>\n\n\n\n<h2 class=\"wp-block-heading\">Fortrydelsesret<\/h2>\n\n\n\n<p>Der er ingen fortrydelsesret, da der er tale om digitale ydelser.<\/p>\n\n\n\n<h2 class=\"wp-block-heading\">Garantier<\/h2>\n\n\n\n<p>Ved k\u00f8b af links garanterer vi, at de forbliver online i en periode p\u00e5 minimum 2 \u00e5r. Hvis et link skulle forsvinde, s\u00e5 vil vi lave et nyt link, dog ikke hvis dette er uden for den angivne minimumsperiode p\u00e5 2 \u00e5r.<\/p>\n\n\n\n<h2 class=\"wp-block-heading\">Persondatapolitik<\/h2>\n\n\n\n<p>For at du kan indg\u00e5 aftale med os og handle p\u00e5 vores hjemmeside, har vi brug for f\u00f8lgende oplysninger om dig:<br><br>Name<br>Adresse<br>Phone Number<br>E-mailadresse<br>Oplysning om hvad du har k\u00f8bt<br><br>Vi behandler dine personoplysninger med det form\u00e5l, at kunne levere varen til dig, og for at kunne behandle henvendelser vedr\u00f8rende dit k\u00f8b. Behandlingen sker efter reglerne i vores persondatapolitik for&nbsp;Intangible Consult ApS. Heri kan du l\u00e6se mere om, hvordan dine oplysninger behandles, hvorn\u00e5r de slettes, og hvilke rettigheder du har som registreret.<\/p>\n\n\n\n<h2 class=\"wp-block-heading\">Klagemuligheder \u2013 oversigt og links:<\/h2>\n\n\n\n<p>Har du en klage over et produkt, k\u00f8bt i vores Webshop, kan der sendes en klage til:<br>Konkurrence- og Forbrugerstyrelsens Center for Klagel\u00f8sning<br>Carl Jacobsens Vej 35<br>2500 Valby<br>Link: www.forbrug.dk<\/p>\n\n\n\n<p>Hvis du er forbruger med bop\u00e6l i et andet EU-land, kan du angive din klage i EU Kommissionens online klageplatform.<br>Platformen findes her: http:\/\/ec.europa.eu\/consumers\/odr\/<br>Angiver du en klage her, skal du oplyse vores E-mail adresse:&nbsp;[kontaktformular]<\/p>\n\n\n\n<h2 class=\"wp-block-heading\">Ansvarsfraskrivelse<\/h2>\n\n\n\n<p>Vi garanterer ikke bedre placeringer hos s\u00f8gemaskinerne. Virksomheden kan ikke stilles til ansvar for eventuelle tab af placeringer hos s\u00f8gemaskinerne efter levering af vores ydelser.<\/p>","protected":false},"excerpt":{"rendered":"<p>Generelle oplysninger Intangible Consult ApSCVR: 42309508 Priser Hos&nbsp;Intangible Consult ApS&nbsp;er alle priserne i danske kroner og angivet eksklusiv moms og afgifter. Vi forbeholder os ret til fra dag til dag at \u00e6ndre i priserne uden forudg\u00e5ende samtykke. Der tages forbehold for udsolgte varer. Betaling Intangible Consult ApS&nbsp;modtager betaling med&nbsp;VISA-Dankort, VISA, VISA Electron, Mastercard, PayPal, MobilePay, [&hellip;]<\/p>","protected":false},"author":1,"featured_media":0,"parent":0,"menu_order":0,"comment_status":"closed","ping_status":"closed","template":"","meta":{"footnotes":""},"class_list":["post-157","page","type-page","status-publish","hentry"],"yoast_head":"<!-- This site is optimized with the Yoast SEO plugin v25.6 - https:\/\/yoast.com\/wordpress\/plugins\/seo\/ -->\n<title>Handelsbetingelser - Intangible<\/title>\n<meta name=\"robots\" content=\"index, follow, max-snippet:-1, max-image-preview:large, max-video-preview:-1\" \/>\n<link rel=\"canonical\" href=\"https:\/\/intangible.dk\/en\/handelsbetingelser\/\" \/>\n<meta property=\"og:locale\" content=\"en_US\" \/>\n<meta property=\"og:type\" content=\"article\" \/>\n<meta property=\"og:title\" content=\"Handelsbetingelser - Intangible\" \/>\n<meta property=\"og:description\" content=\"Generelle oplysninger Intangible Consult ApSCVR: 42309508 Priser Hos&nbsp;Intangible Consult ApS&nbsp;er alle priserne i danske kroner og angivet eksklusiv moms og afgifter. Vi forbeholder os ret til fra dag til dag at \u00e6ndre i priserne uden forudg\u00e5ende samtykke. Der tages forbehold for udsolgte varer. Betaling Intangible Consult ApS&nbsp;modtager betaling med&nbsp;VISA-Dankort, VISA, VISA Electron, Mastercard, PayPal, MobilePay, [&hellip;]\" \/>\n<meta property=\"og:url\" content=\"https:\/\/intangible.dk\/en\/handelsbetingelser\/\" \/>\n<meta property=\"og:site_name\" content=\"Intangible\" \/>\n<meta property=\"article:modified_time\" content=\"2024-08-03T10:17:46+00:00\" \/>\n<meta name=\"twitter:card\" content=\"summary_large_image\" \/>\n<meta name=\"twitter:label1\" content=\"Est. reading time\" \/>\n\t<meta name=\"twitter:data1\" content=\"2 minutes\" \/>\n<script type=\"application\/ld+json\" class=\"yoast-schema-graph\">{\"@context\":\"https:\/\/schema.org\",\"@graph\":[{\"@type\":\"WebPage\",\"@id\":\"https:\/\/intangible.dk\/handelsbetingelser\/\",\"url\":\"https:\/\/intangible.dk\/handelsbetingelser\/\",\"name\":\"Handelsbetingelser - Intangible\",\"isPartOf\":{\"@id\":\"https:\/\/intangible.dk\/#website\"},\"datePublished\":\"2022-01-15T12:42:01+00:00\",\"dateModified\":\"2024-08-03T10:17:46+00:00\",\"breadcrumb\":{\"@id\":\"https:\/\/intangible.dk\/handelsbetingelser\/#breadcrumb\"},\"inLanguage\":\"en-US\",\"potentialAction\":[{\"@type\":\"ReadAction\",\"target\":[\"https:\/\/intangible.dk\/handelsbetingelser\/\"]}]},{\"@type\":\"BreadcrumbList\",\"@id\":\"https:\/\/intangible.dk\/handelsbetingelser\/#breadcrumb\",\"itemListElement\":[{\"@type\":\"ListItem\",\"position\":1,\"name\":\"Home\",\"item\":\"https:\/\/intangible.dk\/\"},{\"@type\":\"ListItem\",\"position\":2,\"name\":\"Handelsbetingelser\"}]},{\"@type\":\"WebSite\",\"@id\":\"https:\/\/intangible.dk\/#website\",\"url\":\"https:\/\/intangible.dk\/\",\"name\":\"Intangible\",\"description\":\"\",\"publisher\":{\"@id\":\"https:\/\/intangible.dk\/#organization\"},\"potentialAction\":[{\"@type\":\"SearchAction\",\"target\":{\"@type\":\"EntryPoint\",\"urlTemplate\":\"https:\/\/intangible.dk\/?s={search_term_string}\"},\"query-input\":{\"@type\":\"PropertyValueSpecification\",\"valueRequired\":true,\"valueName\":\"search_term_string\"}}],\"inLanguage\":\"en-US\"},{\"@type\":\"Organization\",\"@id\":\"https:\/\/intangible.dk\/#organization\",\"name\":\"Intangible Consult\",\"url\":\"https:\/\/intangible.dk\/\",\"logo\":{\"@type\":\"ImageObject\",\"inLanguage\":\"en-US\",\"@id\":\"https:\/\/intangible.dk\/#\/schema\/logo\/image\/\",\"url\":\"https:\/\/intangible.dk\/wp-content\/uploads\/2022\/01\/intangible-logo.png\",\"contentUrl\":\"https:\/\/intangible.dk\/wp-content\/uploads\/2022\/01\/intangible-logo.png\",\"width\":354,\"height\":81,\"caption\":\"Intangible Consult\"},\"image\":{\"@id\":\"https:\/\/intangible.dk\/#\/schema\/logo\/image\/\"}}]}<\/script>\n<!-- \/ Yoast SEO plugin. -->","yoast_head_json":{"title":"Handelsbetingelser - Intangible","robots":{"index":"index","follow":"follow","max-snippet":"max-snippet:-1","max-image-preview":"max-image-preview:large","max-video-preview":"max-video-preview:-1"},"canonical":"https:\/\/intangible.dk\/en\/handelsbetingelser\/","og_locale":"en_US","og_type":"article","og_title":"Handelsbetingelser - Intangible","og_description":"Generelle oplysninger Intangible Consult ApSCVR: 42309508 Priser Hos&nbsp;Intangible Consult ApS&nbsp;er alle priserne i danske kroner og angivet eksklusiv moms og afgifter. Vi forbeholder os ret til fra dag til dag at \u00e6ndre i priserne uden forudg\u00e5ende samtykke. Der tages forbehold for udsolgte varer. Betaling Intangible Consult ApS&nbsp;modtager betaling med&nbsp;VISA-Dankort, VISA, VISA Electron, Mastercard, PayPal, MobilePay, [&hellip;]","og_url":"https:\/\/intangible.dk\/en\/handelsbetingelser\/","og_site_name":"Intangible","article_modified_time":"2024-08-03T10:17:46+00:00","twitter_card":"summary_large_image","twitter_misc":{"Est. reading time":"2 minutes"},"schema":{"@context":"https:\/\/schema.org","@graph":[{"@type":"WebPage","@id":"https:\/\/intangible.dk\/handelsbetingelser\/","url":"https:\/\/intangible.dk\/handelsbetingelser\/","name":"Handelsbetingelser - Intangible","isPartOf":{"@id":"https:\/\/intangible.dk\/#website"},"datePublished":"2022-01-15T12:42:01+00:00","dateModified":"2024-08-03T10:17:46+00:00","breadcrumb":{"@id":"https:\/\/intangible.dk\/handelsbetingelser\/#breadcrumb"},"inLanguage":"en-US","potentialAction":[{"@type":"ReadAction","target":["https:\/\/intangible.dk\/handelsbetingelser\/"]}]},{"@type":"BreadcrumbList","@id":"https:\/\/intangible.dk\/handelsbetingelser\/#breadcrumb","itemListElement":[{"@type":"ListItem","position":1,"name":"Home","item":"https:\/\/intangible.dk\/"},{"@type":"ListItem","position":2,"name":"Handelsbetingelser"}]},{"@type":"WebSite","@id":"https:\/\/intangible.dk\/#website","url":"https:\/\/intangible.dk\/","name":"Intangible","description":"","publisher":{"@id":"https:\/\/intangible.dk\/#organization"},"potentialAction":[{"@type":"SearchAction","target":{"@type":"EntryPoint","urlTemplate":"https:\/\/intangible.dk\/?s={search_term_string}"},"query-input":{"@type":"PropertyValueSpecification","valueRequired":true,"valueName":"search_term_string"}}],"inLanguage":"en-US"},{"@type":"Organization","@id":"https:\/\/intangible.dk\/#organization","name":"Intangible Consult","url":"https:\/\/intangible.dk\/","logo":{"@type":"ImageObject","inLanguage":"en-US","@id":"https:\/\/intangible.dk\/#\/schema\/logo\/image\/","url":"https:\/\/intangible.dk\/wp-content\/uploads\/2022\/01\/intangible-logo.png","contentUrl":"https:\/\/intangible.dk\/wp-content\/uploads\/2022\/01\/intangible-logo.png","width":354,"height":81,"caption":"Intangible Consult"},"image":{"@id":"https:\/\/intangible.dk\/#\/schema\/logo\/image\/"}}]}},"_links":{"self":[{"href":"https:\/\/intangible.dk\/en\/wp-json\/wp\/v2\/pages\/157","targetHints":{"allow":["GET"]}}],"collection":[{"href":"https:\/\/intangible.dk\/en\/wp-json\/wp\/v2\/pages"}],"about":[{"href":"https:\/\/intangible.dk\/en\/wp-json\/wp\/v2\/types\/page"}],"author":[{"embeddable":true,"href":"https:\/\/intangible.dk\/en\/wp-json\/wp\/v2\/users\/1"}],"replies":[{"embeddable":true,"href":"https:\/\/intangible.dk\/en\/wp-json\/wp\/v2\/comments?post=157"}],"version-history":[{"count":0,"href":"https:\/\/intangible.dk\/en\/wp-json\/wp\/v2\/pages\/157\/revisions"}],"wp:attachment":[{"href":"https:\/\/intangible.dk\/en\/wp-json\/wp\/v2\/media?parent=157"}],"curies":[{"name":"wp","href":"https:\/\/api.w.org\/{rel}","templated":true}]}}