{"id":349,"date":"2022-01-16T13:12:53","date_gmt":"2022-01-16T13:12:53","guid":{"rendered":"https:\/\/intangible.dk\/?page_id=349"},"modified":"2022-01-17T17:38:50","modified_gmt":"2022-01-17T17:38:50","slug":"saelg-hjemmeside","status":"publish","type":"page","link":"https:\/\/intangible.dk\/en\/saelg-hjemmeside\/","title":{"rendered":"S\u00e6lg Hjemmeside"},"content":{"rendered":"<div data-elementor-type=\"wp-page\" data-elementor-id=\"349\" class=\"elementor elementor-349\" data-elementor-post-type=\"page\">\n\t\t\t\t\t\t<section class=\"elementor-section elementor-top-section elementor-element elementor-element-3880606 elementor-section-height-min-height elementor-section-boxed elementor-section-height-default elementor-section-items-middle\" data-id=\"3880606\" data-element_type=\"section\" data-settings=\"{&quot;background_background&quot;:&quot;classic&quot;}\">\n\t\t\t\t\t\t<div class=\"elementor-container elementor-column-gap-default\">\n\t\t\t\t\t<div class=\"elementor-column elementor-col-50 elementor-top-column elementor-element elementor-element-4485473\" data-id=\"4485473\" data-element_type=\"column\">\n\t\t\t<div class=\"elementor-widget-wrap elementor-element-populated\">\n\t\t\t\t\t\t<div class=\"elementor-element elementor-element-3a42228 elementor-invisible elementor-widget elementor-widget-heading\" data-id=\"3a42228\" data-element_type=\"widget\" data-settings=\"{&quot;_animation&quot;:&quot;slideInUp&quot;}\" data-widget_type=\"heading.default\">\n\t\t\t\t<div class=\"elementor-widget-container\">\n\t\t\t\t\t<h2 class=\"elementor-heading-title elementor-size-default\">S\u00e6lg hjemmeside<\/h2>\t\t\t\t<\/div>\n\t\t\t\t<\/div>\n\t\t\t\t<div class=\"elementor-element elementor-element-6260903 elementor-widget elementor-widget-text-editor\" data-id=\"6260903\" data-element_type=\"widget\" data-widget_type=\"text-editor.default\">\n\t\t\t\t<div class=\"elementor-widget-container\">\n\t\t\t\t\t\t\t\t\t<p>Er du ikke l\u00e6ngere interesseret i at k\u00f8re din hjemmeside videre? S\u00e6lg den til os.<\/p>\t\t\t\t\t\t\t\t<\/div>\n\t\t\t\t<\/div>\n\t\t\t\t\t<\/div>\n\t\t<\/div>\n\t\t\t\t<div class=\"elementor-column elementor-col-50 elementor-top-column elementor-element elementor-element-153a129\" data-id=\"153a129\" data-element_type=\"column\">\n\t\t\t<div class=\"elementor-widget-wrap\">\n\t\t\t\t\t\t\t<\/div>\n\t\t<\/div>\n\t\t\t\t\t<\/div>\n\t\t<\/section>\n\t\t\t\t<section class=\"elementor-section elementor-top-section elementor-element elementor-element-c716960 elementor-section-boxed elementor-section-height-default elementor-section-height-default\" data-id=\"c716960\" data-element_type=\"section\">\n\t\t\t\t\t\t<div class=\"elementor-container elementor-column-gap-default\">\n\t\t\t\t\t<div class=\"elementor-column elementor-col-100 elementor-top-column elementor-element elementor-element-6e48b8f\" data-id=\"6e48b8f\" data-element_type=\"column\">\n\t\t\t<div class=\"elementor-widget-wrap elementor-element-populated\">\n\t\t\t\t\t\t<div class=\"elementor-element elementor-element-d990ca9 elementor-widget elementor-widget-text-editor\" data-id=\"d990ca9\" data-element_type=\"widget\" data-widget_type=\"text-editor.default\">\n\t\t\t\t<div class=\"elementor-widget-container\">\n\t\t\t\t\t\t\t\t\t<p>Vi kender det godt: Du har arbejdet p\u00e5 et projekt, og nu har du noget bedre at foretage dig. M\u00e5ske var projektet ikke profitabelt. Uanset hvad, s\u00e5 er der m\u00e5ske stadigv\u00e6k lidt penge at hente. Udfyld kontaktformularen og f\u00e5 et tilbud.<\/p>\t\t\t\t\t\t\t\t<\/div>\n\t\t\t\t<\/div>\n\t\t\t\t<div class=\"elementor-element elementor-element-6488d5d elementor-button-align-stretch elementor-widget elementor-widget-global elementor-global-342 elementor-widget-form\" data-id=\"6488d5d\" data-element_type=\"widget\" data-settings=\"{&quot;step_next_label&quot;:&quot;N\\u00e6ste&quot;,&quot;step_previous_label&quot;:&quot;Forrige&quot;,&quot;button_width&quot;:&quot;100&quot;,&quot;step_type&quot;:&quot;number_text&quot;,&quot;step_icon_shape&quot;:&quot;circle&quot;}\" data-widget_type=\"form.default\">\n\t\t\t\t<div class=\"elementor-widget-container\">\n\t\t\t\t\t\t\t<form class=\"elementor-form\" method=\"post\" name=\"New Form\" aria-label=\"New Form\" action=\"\">\n\t\t\t<input type=\"hidden\" name=\"post_id\" value=\"349\"\/>\n\t\t\t<input type=\"hidden\" name=\"form_id\" value=\"6488d5d\"\/>\n\t\t\t<input type=\"hidden\" name=\"referer_title\" value=\"Intangible\" \/>\n\n\t\t\t\n\t\t\t<div class=\"elementor-form-fields-wrapper elementor-labels-above\">\n\t\t\t\t\t\t\t\t<div class=\"elementor-field-type-step elementor-field-group elementor-column elementor-field-group-field_8952508 elementor-col-100\">\n\t\t\t\t\t\t\t<div class=\"e-field-step elementor-hidden\" data-label=\"Grundl\u00e6ggende oplysninger\" data-previousbutton=\"\" data-nextbutton=\"\" data-iconurl=\"\" data-iconlibrary=\"fas fa-star\" data-icon=\"\" ><\/div>\n\n\t\t\t\t\t\t<\/div>\n\t\t\t\t\t\t\t\t<div class=\"elementor-field-type-url elementor-field-group elementor-column elementor-field-group-field_01c501a elementor-col-100 elementor-field-required elementor-mark-required\">\n\t\t\t\t\t\t\t\t\t\t\t\t<label for=\"form-field-field_01c501a\" class=\"elementor-field-label\">\n\t\t\t\t\t\t\t\tDom\u00e6ne\t\t\t\t\t\t\t<\/label>\n\t\t\t\t\t\t\t\t\t\t\t\t\t\t<input size=\"1\" type=\"url\" name=\"form_fields[field_01c501a]\" id=\"form-field-field_01c501a\" class=\"elementor-field elementor-size-sm  elementor-field-textual\" placeholder=\"Indtast URL (husk http:\/\/ eller https:\/\/)\" required=\"required\">\n\t\t\t\t\t\t\t\t\t\t\t<\/div>\n\t\t\t\t\t\t\t\t<div class=\"elementor-field-type-number elementor-field-group elementor-column elementor-field-group-field_31fe034 elementor-col-100 elementor-field-required elementor-mark-required\">\n\t\t\t\t\t\t\t\t\t\t\t\t<label for=\"form-field-field_31fe034\" class=\"elementor-field-label\">\n\t\t\t\t\t\t\t\tAlder p\u00e5 dom\u00e6ne\t\t\t\t\t\t\t<\/label>\n\t\t\t\t\t\t\t\t\t<input type=\"number\" name=\"form_fields[field_31fe034]\" id=\"form-field-field_31fe034\" class=\"elementor-field elementor-size-sm  elementor-field-textual\" placeholder=\"Indtast antal \u00e5r i hele tal\" required=\"required\" min=\"\" max=\"\" >\n\t\t\t\t\t\t<\/div>\n\t\t\t\t\t\t\t\t<div class=\"elementor-field-type-step elementor-field-group elementor-column elementor-field-group-field_7357143 elementor-col-100\">\n\t\t\t\t\t\t\t<div class=\"e-field-step elementor-hidden\" data-label=\"Yderligere oplysninger\" data-previousbutton=\"\" data-nextbutton=\"\" data-iconurl=\"\" data-iconlibrary=\"fas fa-star\" data-icon=\"\" ><\/div>\n\n\t\t\t\t\t\t<\/div>\n\t\t\t\t\t\t\t\t<div class=\"elementor-field-type-number elementor-field-group elementor-column elementor-field-group-field_68ca907 elementor-col-100 elementor-field-required elementor-mark-required\">\n\t\t\t\t\t\t\t\t\t\t\t\t<label for=\"form-field-field_68ca907\" class=\"elementor-field-label\">\n\t\t\t\t\t\t\t\tBes\u00f8gende (sidste m\u00e5ned)\t\t\t\t\t\t\t<\/label>\n\t\t\t\t\t\t\t\t\t<input type=\"number\" name=\"form_fields[field_68ca907]\" id=\"form-field-field_68ca907\" class=\"elementor-field elementor-size-sm  elementor-field-textual\" required=\"required\" min=\"\" max=\"\" >\n\t\t\t\t\t\t<\/div>\n\t\t\t\t\t\t\t\t<div class=\"elementor-field-type-number elementor-field-group elementor-column elementor-field-group-field_9acbf29 elementor-col-100 elementor-field-required elementor-mark-required\">\n\t\t\t\t\t\t\t\t\t\t\t\t<label for=\"form-field-field_9acbf29\" class=\"elementor-field-label\">\n\t\t\t\t\t\t\t\tIndtjening (sidste m\u00e5ned)\t\t\t\t\t\t\t<\/label>\n\t\t\t\t\t\t\t\t\t<input type=\"number\" name=\"form_fields[field_9acbf29]\" id=\"form-field-field_9acbf29\" class=\"elementor-field elementor-size-sm  elementor-field-textual\" required=\"required\" min=\"\" max=\"\" >\n\t\t\t\t\t\t<\/div>\n\t\t\t\t\t\t\t\t<div class=\"elementor-field-type-checkbox elementor-field-group elementor-column elementor-field-group-field_aec3bef elementor-col-100\">\n\t\t\t\t\t\t\t\t\t\t\t\t<label for=\"form-field-field_aec3bef\" class=\"elementor-field-label\">\n\t\t\t\t\t\t\t\tIndtjeningskilder\t\t\t\t\t\t\t<\/label>\n\t\t\t\t\t\t<div class=\"elementor-field-subgroup\"><span class=\"elementor-field-option\"><input type=\"checkbox\" value=\"Adsense\" id=\"form-field-field_aec3bef-0\" name=\"form_fields[field_aec3bef][]\"> <label for=\"form-field-field_aec3bef-0\">Adsense<\/label><\/span><span class=\"elementor-field-option\"><input type=\"checkbox\" value=\"Affiliate\" id=\"form-field-field_aec3bef-1\" name=\"form_fields[field_aec3bef][]\"> <label for=\"form-field-field_aec3bef-1\">Affiliate<\/label><\/span><span class=\"elementor-field-option\"><input type=\"checkbox\" value=\"Salg af links\" id=\"form-field-field_aec3bef-2\" name=\"form_fields[field_aec3bef][]\"> <label for=\"form-field-field_aec3bef-2\">Salg af links<\/label><\/span><span class=\"elementor-field-option\"><input type=\"checkbox\" value=\"Andet\" id=\"form-field-field_aec3bef-3\" name=\"form_fields[field_aec3bef][]\"> <label for=\"form-field-field_aec3bef-3\">Andet<\/label><\/span><\/div>\t\t\t\t<\/div>\n\t\t\t\t\t\t\t\t<div class=\"elementor-field-type-textarea elementor-field-group elementor-column elementor-field-group-field_7127885 elementor-col-100 elementor-field-required elementor-mark-required\">\n\t\t\t\t\t\t\t\t\t\t\t\t<label for=\"form-field-field_7127885\" class=\"elementor-field-label\">\n\t\t\t\t\t\t\t\tAndet: Beskriv\t\t\t\t\t\t\t<\/label>\n\t\t\t\t\t\t<textarea class=\"elementor-field-textual elementor-field  elementor-size-sm\" name=\"form_fields[field_7127885]\" id=\"form-field-field_7127885\" rows=\"4\" required=\"required\"><\/textarea>\t\t\t\t<\/div>\n\t\t\t\t\t\t\t\t<div class=\"elementor-field-type-number elementor-field-group elementor-column elementor-field-group-field_eb737b8 elementor-col-100 elementor-field-required elementor-mark-required\">\n\t\t\t\t\t\t\t\t\t\t\t\t<label for=\"form-field-field_eb737b8\" class=\"elementor-field-label\">\n\t\t\t\t\t\t\t\tUdgifter (sidste m\u00e5ned)\t\t\t\t\t\t\t<\/label>\n\t\t\t\t\t\t\t\t\t<input type=\"number\" name=\"form_fields[field_eb737b8]\" id=\"form-field-field_eb737b8\" class=\"elementor-field elementor-size-sm  elementor-field-textual\" required=\"required\" min=\"\" max=\"\" >\n\t\t\t\t\t\t<\/div>\n\t\t\t\t\t\t\t\t<div class=\"elementor-field-type-step elementor-field-group elementor-column elementor-field-group-field_236aa08 elementor-col-100\">\n\t\t\t\t\t\t\t<div class=\"e-field-step elementor-hidden\" data-label=\"Dine oplysninger\" data-previousbutton=\"\" data-nextbutton=\"\" data-iconurl=\"\" data-iconlibrary=\"fas fa-star\" data-icon=\"\" ><\/div>\n\n\t\t\t\t\t\t<\/div>\n\t\t\t\t\t\t\t\t<div class=\"elementor-field-type-select elementor-field-group elementor-column elementor-field-group-name elementor-col-100 elementor-field-required elementor-mark-required\">\n\t\t\t\t\t\t\t\t\t\t\t\t<label for=\"form-field-name\" class=\"elementor-field-label\">\n\t\t\t\t\t\t\t\tJeg er en\t\t\t\t\t\t\t<\/label>\n\t\t\t\t\t\t\t\t<div class=\"elementor-field elementor-select-wrapper remove-before\">\n\t\t\t<div class=\"select-caret-down-wrapper\">\n\t\t\t\t<i aria-hidden=\"true\" class=\"eicon-caret-down\"><\/i>\t\t\t<\/div>\n\t\t\t<select name=\"form_fields[name]\" id=\"form-field-name\" class=\"elementor-field-textual elementor-size-sm\" required=\"required\">\n\t\t\t\t\t\t\t\t\t<option value=\"Privatperson\">Privatperson<\/option>\n\t\t\t\t\t\t\t\t\t<option value=\"Virksomhed\">Virksomhed<\/option>\n\t\t\t\t\t\t\t<\/select>\n\t\t<\/div>\n\t\t\t\t\t\t<\/div>\n\t\t\t\t\t\t\t\t<div class=\"elementor-field-type-text elementor-field-group elementor-column elementor-field-group-field_55c9a9b elementor-col-100 elementor-field-required elementor-mark-required\">\n\t\t\t\t\t\t\t\t\t\t\t\t<label for=\"form-field-field_55c9a9b\" class=\"elementor-field-label\">\n\t\t\t\t\t\t\t\tName\t\t\t\t\t\t\t<\/label>\n\t\t\t\t\t\t\t\t\t\t\t\t\t\t<input size=\"1\" type=\"text\" name=\"form_fields[field_55c9a9b]\" id=\"form-field-field_55c9a9b\" class=\"elementor-field elementor-size-sm  elementor-field-textual\" placeholder=\"Enter your name\" required=\"required\">\n\t\t\t\t\t\t\t\t\t\t\t<\/div>\n\t\t\t\t\t\t\t\t<div class=\"elementor-field-type-text elementor-field-group elementor-column elementor-field-group-field_6cd6c3a elementor-col-100 elementor-field-required elementor-mark-required\">\n\t\t\t\t\t\t\t\t\t\t\t\t<label for=\"form-field-field_6cd6c3a\" class=\"elementor-field-label\">\n\t\t\t\t\t\t\t\tFirmanavn\t\t\t\t\t\t\t<\/label>\n\t\t\t\t\t\t\t\t\t\t\t\t\t\t<input size=\"1\" type=\"text\" name=\"form_fields[field_6cd6c3a]\" id=\"form-field-field_6cd6c3a\" class=\"elementor-field elementor-size-sm  elementor-field-textual\" placeholder=\"Hvis du er en virksomhed, s\u00e5 indtast dit firmanavn\" required=\"required\">\n\t\t\t\t\t\t\t\t\t\t\t<\/div>\n\t\t\t\t\t\t\t\t<div class=\"elementor-field-type-number elementor-field-group elementor-column elementor-field-group-field_266c189 elementor-col-100 elementor-field-required elementor-mark-required\">\n\t\t\t\t\t\t\t\t\t\t\t\t<label for=\"form-field-field_266c189\" class=\"elementor-field-label\">\n\t\t\t\t\t\t\t\tCVR-nummer\t\t\t\t\t\t\t<\/label>\n\t\t\t\t\t\t\t\t\t<input type=\"number\" name=\"form_fields[field_266c189]\" id=\"form-field-field_266c189\" class=\"elementor-field elementor-size-sm  elementor-field-textual\" placeholder=\"Hvis du er en virksomhed, s\u00e5 indtast dit CVR-nummer\" required=\"required\" min=\"\" max=\"\" >\n\t\t\t\t\t\t<\/div>\n\t\t\t\t\t\t\t\t<div class=\"elementor-field-type-email elementor-field-group elementor-column elementor-field-group-email elementor-col-100 elementor-field-required elementor-mark-required\">\n\t\t\t\t\t\t\t\t\t\t\t\t<label for=\"form-field-email\" class=\"elementor-field-label\">\n\t\t\t\t\t\t\t\tEmail\t\t\t\t\t\t\t<\/label>\n\t\t\t\t\t\t\t\t\t\t\t\t\t\t<input size=\"1\" type=\"email\" name=\"form_fields[email]\" id=\"form-field-email\" class=\"elementor-field elementor-size-sm  elementor-field-textual\" placeholder=\"Enter your email\" required=\"required\">\n\t\t\t\t\t\t\t\t\t\t\t<\/div>\n\t\t\t\t\t\t\t\t<div class=\"elementor-field-type-number elementor-field-group elementor-column elementor-field-group-field_18ef101 elementor-col-100\">\n\t\t\t\t\t\t\t\t\t\t\t\t<label for=\"form-field-field_18ef101\" class=\"elementor-field-label\">\n\t\t\t\t\t\t\t\tPrisid\u00e9\t\t\t\t\t\t\t<\/label>\n\t\t\t\t\t\t\t\t\t<input type=\"number\" name=\"form_fields[field_18ef101]\" id=\"form-field-field_18ef101\" class=\"elementor-field elementor-size-sm  elementor-field-textual\" placeholder=\"Hvad forventer du at f\u00e5?\" min=\"\" max=\"\" >\n\t\t\t\t\t\t<\/div>\n\t\t\t\t\t\t\t\t<div class=\"elementor-field-type-textarea elementor-field-group elementor-column elementor-field-group-field_e5ae007 elementor-col-100\">\n\t\t\t\t\t\t\t\t\t\t\t\t<label for=\"form-field-field_e5ae007\" class=\"elementor-field-label\">\n\t\t\t\t\t\t\t\tKommentar\t\t\t\t\t\t\t<\/label>\n\t\t\t\t\t\t<textarea class=\"elementor-field-textual elementor-field  elementor-size-sm\" name=\"form_fields[field_e5ae007]\" id=\"form-field-field_e5ae007\" rows=\"4\" placeholder=\"Hvis du har yderligere oplysninger eller kommentarer, s\u00e5 skriv dem her.\"><\/textarea>\t\t\t\t<\/div>\n\t\t\t\t\t\t\t\t<div class=\"elementor-field-type-step elementor-field-group elementor-column elementor-field-group-field_1dcb720 elementor-col-100\">\n\t\t\t\t\t\t\t<div class=\"e-field-step elementor-hidden\" data-label=\"Accept\" data-previousbutton=\"\" data-nextbutton=\"\" data-iconurl=\"\" data-iconlibrary=\"fas fa-star\" data-icon=\"\" ><\/div>\n\n\t\t\t\t\t\t<\/div>\n\t\t\t\t\t\t\t\t<div class=\"elementor-field-type-recaptcha_v3 elementor-field-group elementor-column elementor-field-group-field_c4ed3ee elementor-col-100 recaptcha_v3-bottomright\">\n\t\t\t\t\t<div class=\"elementor-field\" id=\"form-field-field_c4ed3ee\"><div class=\"elementor-g-recaptcha\" data-sitekey=\"6LcUttccAAAAADzGOpLeVRjWzqzU6884RZnpJ6tw\" data-type=\"v3\" data-action=\"Form\" data-badge=\"bottomright\" data-size=\"invisible\"><\/div><\/div>\t\t\t\t<\/div>\n\t\t\t\t\t\t\t\t<div class=\"elementor-field-type-acceptance elementor-field-group elementor-column elementor-field-group-field_6be06cf elementor-col-100 elementor-field-required elementor-mark-required\">\n\t\t\t\t\t\t\t\t\t\t\t\t<label for=\"form-field-field_6be06cf\" class=\"elementor-field-label\">\n\t\t\t\t\t\t\t\tPrivacy Policy\t\t\t\t\t\t\t<\/label>\n\t\t\t\t\t\t\t\t<div class=\"elementor-field-subgroup\">\n\t\t\t<span class=\"elementor-field-option\">\n\t\t\t\t<input type=\"checkbox\" name=\"form_fields[field_6be06cf]\" id=\"form-field-field_6be06cf\" class=\"elementor-field elementor-size-sm  elementor-acceptance-field\" required=\"required\">\n\t\t\t\t<label for=\"form-field-field_6be06cf\">I accept <a href=\"\/en\/privatlivspolitik\/\" target=\"_blank\">the Privacy Policy<\/a><\/label>\t\t\t<\/span>\n\t\t<\/div>\n\t\t\t\t\t\t<\/div>\n\t\t\t\t\t\t\t\t<div class=\"elementor-field-type-acceptance elementor-field-group elementor-column elementor-field-group-field_216e726 elementor-col-100 elementor-field-required elementor-mark-required\">\n\t\t\t\t\t\t\t\t\t\t\t\t<label for=\"form-field-field_216e726\" class=\"elementor-field-label\">\n\t\t\t\t\t\t\t\tHandelsbetingelser\t\t\t\t\t\t\t<\/label>\n\t\t\t\t\t\t\t\t<div class=\"elementor-field-subgroup\">\n\t\t\t<span class=\"elementor-field-option\">\n\t\t\t\t<input type=\"checkbox\" name=\"form_fields[field_216e726]\" id=\"form-field-field_216e726\" class=\"elementor-field elementor-size-sm  elementor-acceptance-field\" required=\"required\">\n\t\t\t\t<label for=\"form-field-field_216e726\">I accept <a href=\"\/en\/handelsbetingelser\/\" target=\"_blank\">handelsbetingelserne<\/a><\/label>\t\t\t<\/span>\n\t\t<\/div>\n\t\t\t\t\t\t<\/div>\n\t\t\t\t\t\t\t\t<div class=\"elementor-field-type-html elementor-field-group elementor-column elementor-field-group-field_760235b elementor-col-100\">\n\t\t\t\t\t<div id=\"captcha-disclaimer\">This site is protected by reCAPTCHA and the Google\n    <a href=\"https:\/\/policies.google.com\/privacy\">Privacy Policy<\/a> and\n    <a href=\"https:\/\/policies.google.com\/terms\">Terms of Service<\/a> apply.<\/div>\t\t\t\t<\/div>\n\t\t\t\t\t\t\t\t<div class=\"elementor-field-group elementor-column elementor-field-type-submit elementor-col-100 e-form__buttons\">\n\t\t\t\t\t<button class=\"elementor-button elementor-size-sm\" type=\"submit\">\n\t\t\t\t\t\t<span class=\"elementor-button-content-wrapper\">\n\t\t\t\t\t\t\t\t\t\t\t\t\t\t\t\t\t\t\t\t\t\t<span class=\"elementor-button-text\">Indhent tilbud<\/span>\n\t\t\t\t\t\t\t\t\t\t\t\t\t<\/span>\n\t\t\t\t\t<\/button>\n\t\t\t\t<\/div>\n\t\t\t<\/div>\n\t\t<input type=\"hidden\" name=\"trp-form-language\" value=\"en\"\/><\/form>\n\t\t\t\t\t\t<\/div>\n\t\t\t\t<\/div>\n\t\t\t\t\t<\/div>\n\t\t<\/div>\n\t\t\t\t\t<\/div>\n\t\t<\/section>\n\t\t\t\t<\/div>","protected":false},"excerpt":{"rendered":"<p>S\u00e6lg hjemmeside Er du ikke l\u00e6ngere interesseret i at k\u00f8re din hjemmeside videre? S\u00e6lg den til os. Vi kender det godt: Du har arbejdet p\u00e5 et projekt, og nu har du noget bedre at foretage dig. M\u00e5ske var projektet ikke profitabelt. Uanset hvad, s\u00e5 er der m\u00e5ske stadigv\u00e6k lidt penge at hente. Udfyld kontaktformularen og [&hellip;]<\/p>","protected":false},"author":1,"featured_media":0,"parent":0,"menu_order":0,"comment_status":"closed","ping_status":"closed","template":"","meta":{"footnotes":""},"class_list":["post-349","page","type-page","status-publish","hentry"],"yoast_head":"<!-- This site is optimized with the Yoast SEO plugin v25.6 - https:\/\/yoast.com\/wordpress\/plugins\/seo\/ -->\n<title>S\u00e6lg Hjemmeside - Intangible<\/title>\n<meta name=\"robots\" content=\"index, follow, max-snippet:-1, max-image-preview:large, max-video-preview:-1\" \/>\n<link rel=\"canonical\" href=\"https:\/\/intangible.dk\/en\/saelg-hjemmeside\/\" \/>\n<meta property=\"og:locale\" content=\"en_US\" \/>\n<meta property=\"og:type\" content=\"article\" \/>\n<meta property=\"og:title\" content=\"S\u00e6lg Hjemmeside - Intangible\" \/>\n<meta property=\"og:description\" content=\"S\u00e6lg hjemmeside Er du ikke l\u00e6ngere interesseret i at k\u00f8re din hjemmeside videre? S\u00e6lg den til os. Vi kender det godt: Du har arbejdet p\u00e5 et projekt, og nu har du noget bedre at foretage dig. M\u00e5ske var projektet ikke profitabelt. Uanset hvad, s\u00e5 er der m\u00e5ske stadigv\u00e6k lidt penge at hente. Udfyld kontaktformularen og [&hellip;]\" \/>\n<meta property=\"og:url\" content=\"https:\/\/intangible.dk\/en\/saelg-hjemmeside\/\" \/>\n<meta property=\"og:site_name\" content=\"Intangible\" \/>\n<meta property=\"article:modified_time\" content=\"2022-01-17T17:38:50+00:00\" \/>\n<meta name=\"twitter:card\" content=\"summary_large_image\" \/>\n<meta name=\"twitter:label1\" content=\"Est. reading time\" \/>\n\t<meta name=\"twitter:data1\" content=\"1 minute\" \/>\n<script type=\"application\/ld+json\" class=\"yoast-schema-graph\">{\"@context\":\"https:\/\/schema.org\",\"@graph\":[{\"@type\":\"WebPage\",\"@id\":\"https:\/\/intangible.dk\/saelg-hjemmeside\/\",\"url\":\"https:\/\/intangible.dk\/saelg-hjemmeside\/\",\"name\":\"S\u00e6lg Hjemmeside - Intangible\",\"isPartOf\":{\"@id\":\"https:\/\/intangible.dk\/#website\"},\"datePublished\":\"2022-01-16T13:12:53+00:00\",\"dateModified\":\"2022-01-17T17:38:50+00:00\",\"breadcrumb\":{\"@id\":\"https:\/\/intangible.dk\/saelg-hjemmeside\/#breadcrumb\"},\"inLanguage\":\"en-US\",\"potentialAction\":[{\"@type\":\"ReadAction\",\"target\":[\"https:\/\/intangible.dk\/saelg-hjemmeside\/\"]}]},{\"@type\":\"BreadcrumbList\",\"@id\":\"https:\/\/intangible.dk\/saelg-hjemmeside\/#breadcrumb\",\"itemListElement\":[{\"@type\":\"ListItem\",\"position\":1,\"name\":\"Home\",\"item\":\"https:\/\/intangible.dk\/\"},{\"@type\":\"ListItem\",\"position\":2,\"name\":\"S\u00e6lg Hjemmeside\"}]},{\"@type\":\"WebSite\",\"@id\":\"https:\/\/intangible.dk\/#website\",\"url\":\"https:\/\/intangible.dk\/\",\"name\":\"Intangible\",\"description\":\"\",\"publisher\":{\"@id\":\"https:\/\/intangible.dk\/#organization\"},\"potentialAction\":[{\"@type\":\"SearchAction\",\"target\":{\"@type\":\"EntryPoint\",\"urlTemplate\":\"https:\/\/intangible.dk\/?s={search_term_string}\"},\"query-input\":{\"@type\":\"PropertyValueSpecification\",\"valueRequired\":true,\"valueName\":\"search_term_string\"}}],\"inLanguage\":\"en-US\"},{\"@type\":\"Organization\",\"@id\":\"https:\/\/intangible.dk\/#organization\",\"name\":\"Intangible Consult\",\"url\":\"https:\/\/intangible.dk\/\",\"logo\":{\"@type\":\"ImageObject\",\"inLanguage\":\"en-US\",\"@id\":\"https:\/\/intangible.dk\/#\/schema\/logo\/image\/\",\"url\":\"https:\/\/intangible.dk\/wp-content\/uploads\/2022\/01\/intangible-logo.png\",\"contentUrl\":\"https:\/\/intangible.dk\/wp-content\/uploads\/2022\/01\/intangible-logo.png\",\"width\":354,\"height\":81,\"caption\":\"Intangible Consult\"},\"image\":{\"@id\":\"https:\/\/intangible.dk\/#\/schema\/logo\/image\/\"}}]}<\/script>\n<!-- \/ Yoast SEO plugin. -->","yoast_head_json":{"title":"S\u00e6lg Hjemmeside - Intangible","robots":{"index":"index","follow":"follow","max-snippet":"max-snippet:-1","max-image-preview":"max-image-preview:large","max-video-preview":"max-video-preview:-1"},"canonical":"https:\/\/intangible.dk\/en\/saelg-hjemmeside\/","og_locale":"en_US","og_type":"article","og_title":"S\u00e6lg Hjemmeside - Intangible","og_description":"S\u00e6lg hjemmeside Er du ikke l\u00e6ngere interesseret i at k\u00f8re din hjemmeside videre? S\u00e6lg den til os. Vi kender det godt: Du har arbejdet p\u00e5 et projekt, og nu har du noget bedre at foretage dig. M\u00e5ske var projektet ikke profitabelt. Uanset hvad, s\u00e5 er der m\u00e5ske stadigv\u00e6k lidt penge at hente. Udfyld kontaktformularen og [&hellip;]","og_url":"https:\/\/intangible.dk\/en\/saelg-hjemmeside\/","og_site_name":"Intangible","article_modified_time":"2022-01-17T17:38:50+00:00","twitter_card":"summary_large_image","twitter_misc":{"Est. reading time":"1 minute"},"schema":{"@context":"https:\/\/schema.org","@graph":[{"@type":"WebPage","@id":"https:\/\/intangible.dk\/saelg-hjemmeside\/","url":"https:\/\/intangible.dk\/saelg-hjemmeside\/","name":"S\u00e6lg Hjemmeside - Intangible","isPartOf":{"@id":"https:\/\/intangible.dk\/#website"},"datePublished":"2022-01-16T13:12:53+00:00","dateModified":"2022-01-17T17:38:50+00:00","breadcrumb":{"@id":"https:\/\/intangible.dk\/saelg-hjemmeside\/#breadcrumb"},"inLanguage":"en-US","potentialAction":[{"@type":"ReadAction","target":["https:\/\/intangible.dk\/saelg-hjemmeside\/"]}]},{"@type":"BreadcrumbList","@id":"https:\/\/intangible.dk\/saelg-hjemmeside\/#breadcrumb","itemListElement":[{"@type":"ListItem","position":1,"name":"Home","item":"https:\/\/intangible.dk\/"},{"@type":"ListItem","position":2,"name":"S\u00e6lg Hjemmeside"}]},{"@type":"WebSite","@id":"https:\/\/intangible.dk\/#website","url":"https:\/\/intangible.dk\/","name":"Intangible","description":"","publisher":{"@id":"https:\/\/intangible.dk\/#organization"},"potentialAction":[{"@type":"SearchAction","target":{"@type":"EntryPoint","urlTemplate":"https:\/\/intangible.dk\/?s={search_term_string}"},"query-input":{"@type":"PropertyValueSpecification","valueRequired":true,"valueName":"search_term_string"}}],"inLanguage":"en-US"},{"@type":"Organization","@id":"https:\/\/intangible.dk\/#organization","name":"Intangible Consult","url":"https:\/\/intangible.dk\/","logo":{"@type":"ImageObject","inLanguage":"en-US","@id":"https:\/\/intangible.dk\/#\/schema\/logo\/image\/","url":"https:\/\/intangible.dk\/wp-content\/uploads\/2022\/01\/intangible-logo.png","contentUrl":"https:\/\/intangible.dk\/wp-content\/uploads\/2022\/01\/intangible-logo.png","width":354,"height":81,"caption":"Intangible Consult"},"image":{"@id":"https:\/\/intangible.dk\/#\/schema\/logo\/image\/"}}]}},"_links":{"self":[{"href":"https:\/\/intangible.dk\/en\/wp-json\/wp\/v2\/pages\/349","targetHints":{"allow":["GET"]}}],"collection":[{"href":"https:\/\/intangible.dk\/en\/wp-json\/wp\/v2\/pages"}],"about":[{"href":"https:\/\/intangible.dk\/en\/wp-json\/wp\/v2\/types\/page"}],"author":[{"embeddable":true,"href":"https:\/\/intangible.dk\/en\/wp-json\/wp\/v2\/users\/1"}],"replies":[{"embeddable":true,"href":"https:\/\/intangible.dk\/en\/wp-json\/wp\/v2\/comments?post=349"}],"version-history":[{"count":0,"href":"https:\/\/intangible.dk\/en\/wp-json\/wp\/v2\/pages\/349\/revisions"}],"wp:attachment":[{"href":"https:\/\/intangible.dk\/en\/wp-json\/wp\/v2\/media?parent=349"}],"curies":[{"name":"wp","href":"https:\/\/api.w.org\/{rel}","templated":true}]}}